{"id":135,"date":"2023-02-24T10:27:16","date_gmt":"2023-02-24T10:27:16","guid":{"rendered":"http:\/\/31.217.192.125\/~pallotai\/-\/?page_id=135"},"modified":"2023-03-13T08:16:05","modified_gmt":"2023-03-13T08:16:05","slug":"yhteystiedot","status":"publish","type":"page","link":"http:\/\/31.217.192.125\/~pallotai\/-\/yhteystiedot\/","title":{"rendered":"Ota yhteytt\u00e4"},"content":{"rendered":"<div id=\"cs-content\" class=\"cs-content\"><\/div>\n","protected":false},"excerpt":{"rendered":"<p>Ota yhteytt\u00e4 niin suunnitellaan yhdess\u00e4! Yhteystiedot J-P Pirinen Puh. 044 555 6669jp@koomikkotaikuri.fiPlease enable JavaScript in your browser to complete this form.Asiani koskee&#8230;LastentaikuriPallotaituriEn osaa sanoaNimi *FirstLastYritysS\u00e4hk\u00f6posti *PuhelinViestiL\u00e4het\u00e4 &#8220;Tykkim\u00e4en huvipuiston Huvilavetilla on p\u00e4ivitt\u00e4in ohjelmaa huvipuistovierailemme. Esiintyjin\u00e4 ovat olleet suomalaiset eturivin taiteilijat. Taikuri JiiPee on ollut edustamassa paikallista esiintyj\u00e4kaartia jo useampana vuonna. JiiPeet\u00e4 olemme k\u00e4ytt\u00e4neet my\u00f6s henkil\u00f6kuntamme omissa juhlissa.&#8221; Sakari Pasanen, toimitusjohtaja Tykkim\u00e4en &#8230; <a href=\"http:\/\/31.217.192.125\/~pallotai\/-\/yhteystiedot\/\" class=\"more-link\">Read More<\/a><\/p>\n","protected":false},"author":1,"featured_media":0,"parent":0,"menu_order":0,"comment_status":"closed","ping_status":"closed","template":"template-blank-4.php","meta":{"rs_blank_template":"","rs_page_bg_color":"","slide_template_v7":"","footnotes":""},"class_list":["post-135","page","type-page","status-publish","hentry","no-post-thumbnail"],"yoast_head":"<!-- This site is optimized with the Yoast SEO plugin v27.4 - https:\/\/yoast.com\/product\/yoast-seo-wordpress\/ -->\n<title>Ota yhteytt\u00e4 - Lastentaikuri<\/title>\n<meta name=\"robots\" content=\"index, follow, max-snippet:-1, max-image-preview:large, max-video-preview:-1\" \/>\n<link rel=\"canonical\" href=\"http:\/\/31.217.192.125\/~pallotai\/-\/yhteystiedot\/\" \/>\n<meta property=\"og:locale\" content=\"fi_FI\" \/>\n<meta property=\"og:type\" content=\"article\" \/>\n<meta property=\"og:title\" content=\"Ota yhteytt\u00e4 - Lastentaikuri\" \/>\n<meta property=\"og:description\" content=\"Ota yhteytt\u00e4 niin suunnitellaan yhdess\u00e4! Yhteystiedot J-P Pirinen Puh. 044 555 6669jp@koomikkotaikuri.fiPlease enable JavaScript in your browser to complete this form.Asiani koskee...LastentaikuriPallotaituriEn osaa sanoaNimi *FirstLastYritysS\u00e4hk\u00f6posti *PuhelinViestiL\u00e4het\u00e4 &quot;Tykkim\u00e4en huvipuiston Huvilavetilla on p\u00e4ivitt\u00e4in ohjelmaa huvipuistovierailemme. Esiintyjin\u00e4 ovat olleet suomalaiset eturivin taiteilijat. Taikuri JiiPee on ollut edustamassa paikallista esiintyj\u00e4kaartia jo useampana vuonna. JiiPeet\u00e4 olemme k\u00e4ytt\u00e4neet my\u00f6s henkil\u00f6kuntamme omissa juhlissa.&quot; Sakari Pasanen, toimitusjohtaja Tykkim\u00e4en ... Read More\" \/>\n<meta property=\"og:url\" content=\"http:\/\/31.217.192.125\/~pallotai\/-\/yhteystiedot\/\" \/>\n<meta property=\"og:site_name\" content=\"Lastentaikuri\" \/>\n<meta property=\"article:modified_time\" content=\"2023-03-13T08:16:05+00:00\" \/>\n<meta name=\"twitter:card\" content=\"summary_large_image\" \/>\n<meta name=\"twitter:label1\" content=\"Arvioitu lukuaika\" \/>\n\t<meta name=\"twitter:data1\" content=\"2 minuuttia\" \/>\n<script type=\"application\/ld+json\" class=\"yoast-schema-graph\">{\"@context\":\"https:\\\/\\\/schema.org\",\"@graph\":[{\"@type\":\"WebPage\",\"@id\":\"http:\\\/\\\/31.217.192.125\\\/~pallotai\\\/-\\\/yhteystiedot\\\/\",\"url\":\"http:\\\/\\\/31.217.192.125\\\/~pallotai\\\/-\\\/yhteystiedot\\\/\",\"name\":\"Ota yhteytt\u00e4 - Lastentaikuri\",\"isPartOf\":{\"@id\":\"https:\\\/\\\/31.217.192.125\\\/~pallotai\\\/-\\\/#website\"},\"datePublished\":\"2023-02-24T10:27:16+00:00\",\"dateModified\":\"2023-03-13T08:16:05+00:00\",\"breadcrumb\":{\"@id\":\"http:\\\/\\\/31.217.192.125\\\/~pallotai\\\/-\\\/yhteystiedot\\\/#breadcrumb\"},\"inLanguage\":\"fi\",\"potentialAction\":[{\"@type\":\"ReadAction\",\"target\":[\"http:\\\/\\\/31.217.192.125\\\/~pallotai\\\/-\\\/yhteystiedot\\\/\"]}]},{\"@type\":\"BreadcrumbList\",\"@id\":\"http:\\\/\\\/31.217.192.125\\\/~pallotai\\\/-\\\/yhteystiedot\\\/#breadcrumb\",\"itemListElement\":[{\"@type\":\"ListItem\",\"position\":1,\"name\":\"Home\",\"item\":\"https:\\\/\\\/31.217.192.125\\\/~pallotai\\\/-\\\/\"},{\"@type\":\"ListItem\",\"position\":2,\"name\":\"Ota yhteytt\u00e4\"}]},{\"@type\":\"WebSite\",\"@id\":\"https:\\\/\\\/31.217.192.125\\\/~pallotai\\\/-\\\/#website\",\"url\":\"https:\\\/\\\/31.217.192.125\\\/~pallotai\\\/-\\\/\",\"name\":\"Lastentaikuri\",\"description\":\"\",\"potentialAction\":[{\"@type\":\"SearchAction\",\"target\":{\"@type\":\"EntryPoint\",\"urlTemplate\":\"https:\\\/\\\/31.217.192.125\\\/~pallotai\\\/-\\\/?s={search_term_string}\"},\"query-input\":{\"@type\":\"PropertyValueSpecification\",\"valueRequired\":true,\"valueName\":\"search_term_string\"}}],\"inLanguage\":\"fi\"}]}<\/script>\n<!-- \/ Yoast SEO plugin. -->","yoast_head_json":{"title":"Ota yhteytt\u00e4 - Lastentaikuri","robots":{"index":"index","follow":"follow","max-snippet":"max-snippet:-1","max-image-preview":"max-image-preview:large","max-video-preview":"max-video-preview:-1"},"canonical":"http:\/\/31.217.192.125\/~pallotai\/-\/yhteystiedot\/","og_locale":"fi_FI","og_type":"article","og_title":"Ota yhteytt\u00e4 - Lastentaikuri","og_description":"Ota yhteytt\u00e4 niin suunnitellaan yhdess\u00e4! Yhteystiedot J-P Pirinen Puh. 044 555 6669jp@koomikkotaikuri.fiPlease enable JavaScript in your browser to complete this form.Asiani koskee...LastentaikuriPallotaituriEn osaa sanoaNimi *FirstLastYritysS\u00e4hk\u00f6posti *PuhelinViestiL\u00e4het\u00e4 \"Tykkim\u00e4en huvipuiston Huvilavetilla on p\u00e4ivitt\u00e4in ohjelmaa huvipuistovierailemme. Esiintyjin\u00e4 ovat olleet suomalaiset eturivin taiteilijat. Taikuri JiiPee on ollut edustamassa paikallista esiintyj\u00e4kaartia jo useampana vuonna. JiiPeet\u00e4 olemme k\u00e4ytt\u00e4neet my\u00f6s henkil\u00f6kuntamme omissa juhlissa.\" Sakari Pasanen, toimitusjohtaja Tykkim\u00e4en ... Read More","og_url":"http:\/\/31.217.192.125\/~pallotai\/-\/yhteystiedot\/","og_site_name":"Lastentaikuri","article_modified_time":"2023-03-13T08:16:05+00:00","twitter_card":"summary_large_image","twitter_misc":{"Arvioitu lukuaika":"2 minuuttia"},"schema":{"@context":"https:\/\/schema.org","@graph":[{"@type":"WebPage","@id":"http:\/\/31.217.192.125\/~pallotai\/-\/yhteystiedot\/","url":"http:\/\/31.217.192.125\/~pallotai\/-\/yhteystiedot\/","name":"Ota yhteytt\u00e4 - Lastentaikuri","isPartOf":{"@id":"https:\/\/31.217.192.125\/~pallotai\/-\/#website"},"datePublished":"2023-02-24T10:27:16+00:00","dateModified":"2023-03-13T08:16:05+00:00","breadcrumb":{"@id":"http:\/\/31.217.192.125\/~pallotai\/-\/yhteystiedot\/#breadcrumb"},"inLanguage":"fi","potentialAction":[{"@type":"ReadAction","target":["http:\/\/31.217.192.125\/~pallotai\/-\/yhteystiedot\/"]}]},{"@type":"BreadcrumbList","@id":"http:\/\/31.217.192.125\/~pallotai\/-\/yhteystiedot\/#breadcrumb","itemListElement":[{"@type":"ListItem","position":1,"name":"Home","item":"https:\/\/31.217.192.125\/~pallotai\/-\/"},{"@type":"ListItem","position":2,"name":"Ota yhteytt\u00e4"}]},{"@type":"WebSite","@id":"https:\/\/31.217.192.125\/~pallotai\/-\/#website","url":"https:\/\/31.217.192.125\/~pallotai\/-\/","name":"Lastentaikuri","description":"","potentialAction":[{"@type":"SearchAction","target":{"@type":"EntryPoint","urlTemplate":"https:\/\/31.217.192.125\/~pallotai\/-\/?s={search_term_string}"},"query-input":{"@type":"PropertyValueSpecification","valueRequired":true,"valueName":"search_term_string"}}],"inLanguage":"fi"}]}},"_links":{"self":[{"href":"http:\/\/31.217.192.125\/~pallotai\/-\/wp-json\/wp\/v2\/pages\/135","targetHints":{"allow":["GET"]}}],"collection":[{"href":"http:\/\/31.217.192.125\/~pallotai\/-\/wp-json\/wp\/v2\/pages"}],"about":[{"href":"http:\/\/31.217.192.125\/~pallotai\/-\/wp-json\/wp\/v2\/types\/page"}],"author":[{"embeddable":true,"href":"http:\/\/31.217.192.125\/~pallotai\/-\/wp-json\/wp\/v2\/users\/1"}],"replies":[{"embeddable":true,"href":"http:\/\/31.217.192.125\/~pallotai\/-\/wp-json\/wp\/v2\/comments?post=135"}],"version-history":[{"count":6,"href":"http:\/\/31.217.192.125\/~pallotai\/-\/wp-json\/wp\/v2\/pages\/135\/revisions"}],"predecessor-version":[{"id":141,"href":"http:\/\/31.217.192.125\/~pallotai\/-\/wp-json\/wp\/v2\/pages\/135\/revisions\/141"}],"wp:attachment":[{"href":"http:\/\/31.217.192.125\/~pallotai\/-\/wp-json\/wp\/v2\/media?parent=135"}],"curies":[{"name":"wp","href":"https:\/\/api.w.org\/{rel}","templated":true}]}}