{"id":14,"date":"2022-12-16T09:10:48","date_gmt":"2022-12-16T09:10:48","guid":{"rendered":"http:\/\/31.217.192.125\/~pallotai\/-\/?page_id=14"},"modified":"2023-03-03T12:51:47","modified_gmt":"2023-03-03T12:51:47","slug":"lastentaikuri","status":"publish","type":"page","link":"http:\/\/31.217.192.125\/~pallotai\/-\/lastentaikuri\/","title":{"rendered":"Lastentaikuri"},"content":{"rendered":"<div id=\"cs-content\" class=\"cs-content\"><\/div>\n","protected":false},"excerpt":{"rendered":"<p>Taikuri Jiipee, Keksij\u00e4 Pirinen T\u00e4m\u00e4 hullunkurinen hahmo nostaa tunnelmaa, saa lapset nauramaan, hyppim\u00e4\u00e4n, huutamaan ja jopa olemaan tarpeen tullen hiljaa. Monien lastenkutsujen\/tilaisuuksien kohokohdaksi muodostuu taikurin vierailu. Lapset ja aikuisetkin p\u00e4\u00e4sev\u00e4t osallistumaan esitykseen, jotkut jopa lavalle esiintyj\u00e4n rinnalle tilaisuuden t\u00e4hdeksi.Millaisen ohjelmanumeron voit tilata? Ohjelman kesto voidaan muokata tarpeen mukaan, yleisimm\u00e4t vaihtoehdot ovat:1. Lastenkutsut 1 x 20-30 minT\u00e4m\u00e4 kokonaisuus sopii mainiosti juhliin &#8230; <a href=\"http:\/\/31.217.192.125\/~pallotai\/-\/lastentaikuri\/\" class=\"more-link\">Read More<\/a><\/p>\n","protected":false},"author":1,"featured_media":0,"parent":0,"menu_order":0,"comment_status":"closed","ping_status":"closed","template":"template-blank-4.php","meta":{"rs_blank_template":"","rs_page_bg_color":"","slide_template_v7":"","footnotes":""},"class_list":["post-14","page","type-page","status-publish","hentry","no-post-thumbnail"],"yoast_head":"<!-- This site is optimized with the Yoast SEO plugin v27.4 - https:\/\/yoast.com\/product\/yoast-seo-wordpress\/ -->\n<title>Lastentaikuri - Lastentaikuri<\/title>\n<meta name=\"robots\" content=\"index, follow, max-snippet:-1, max-image-preview:large, max-video-preview:-1\" \/>\n<link rel=\"canonical\" href=\"http:\/\/31.217.192.125\/~pallotai\/-\/lastentaikuri\/\" \/>\n<meta property=\"og:locale\" content=\"fi_FI\" \/>\n<meta property=\"og:type\" content=\"article\" \/>\n<meta property=\"og:title\" content=\"Lastentaikuri - Lastentaikuri\" \/>\n<meta property=\"og:description\" content=\"Taikuri Jiipee, Keksij\u00e4 Pirinen T\u00e4m\u00e4 hullunkurinen hahmo nostaa tunnelmaa, saa lapset nauramaan, hyppim\u00e4\u00e4n, huutamaan ja jopa olemaan tarpeen tullen hiljaa. Monien lastenkutsujen\/tilaisuuksien kohokohdaksi muodostuu taikurin vierailu. Lapset ja aikuisetkin p\u00e4\u00e4sev\u00e4t osallistumaan esitykseen, jotkut jopa lavalle esiintyj\u00e4n rinnalle tilaisuuden t\u00e4hdeksi.Millaisen ohjelmanumeron voit tilata? Ohjelman kesto voidaan muokata tarpeen mukaan, yleisimm\u00e4t vaihtoehdot ovat:1. Lastenkutsut 1 x 20-30 minT\u00e4m\u00e4 kokonaisuus sopii mainiosti juhliin ... Read More\" \/>\n<meta property=\"og:url\" content=\"http:\/\/31.217.192.125\/~pallotai\/-\/lastentaikuri\/\" \/>\n<meta property=\"og:site_name\" content=\"Lastentaikuri\" \/>\n<meta property=\"article:modified_time\" content=\"2023-03-03T12:51:47+00:00\" \/>\n<meta name=\"twitter:card\" content=\"summary_large_image\" \/>\n<script type=\"application\/ld+json\" class=\"yoast-schema-graph\">{\"@context\":\"https:\\\/\\\/schema.org\",\"@graph\":[{\"@type\":\"WebPage\",\"@id\":\"http:\\\/\\\/31.217.192.125\\\/~pallotai\\\/-\\\/lastentaikuri\\\/\",\"url\":\"http:\\\/\\\/31.217.192.125\\\/~pallotai\\\/-\\\/lastentaikuri\\\/\",\"name\":\"Lastentaikuri - Lastentaikuri\",\"isPartOf\":{\"@id\":\"https:\\\/\\\/31.217.192.125\\\/~pallotai\\\/-\\\/#website\"},\"datePublished\":\"2022-12-16T09:10:48+00:00\",\"dateModified\":\"2023-03-03T12:51:47+00:00\",\"breadcrumb\":{\"@id\":\"http:\\\/\\\/31.217.192.125\\\/~pallotai\\\/-\\\/lastentaikuri\\\/#breadcrumb\"},\"inLanguage\":\"fi\",\"potentialAction\":[{\"@type\":\"ReadAction\",\"target\":[\"http:\\\/\\\/31.217.192.125\\\/~pallotai\\\/-\\\/lastentaikuri\\\/\"]}]},{\"@type\":\"BreadcrumbList\",\"@id\":\"http:\\\/\\\/31.217.192.125\\\/~pallotai\\\/-\\\/lastentaikuri\\\/#breadcrumb\",\"itemListElement\":[{\"@type\":\"ListItem\",\"position\":1,\"name\":\"Home\",\"item\":\"https:\\\/\\\/31.217.192.125\\\/~pallotai\\\/-\\\/\"},{\"@type\":\"ListItem\",\"position\":2,\"name\":\"Lastentaikuri\"}]},{\"@type\":\"WebSite\",\"@id\":\"https:\\\/\\\/31.217.192.125\\\/~pallotai\\\/-\\\/#website\",\"url\":\"https:\\\/\\\/31.217.192.125\\\/~pallotai\\\/-\\\/\",\"name\":\"Lastentaikuri\",\"description\":\"\",\"potentialAction\":[{\"@type\":\"SearchAction\",\"target\":{\"@type\":\"EntryPoint\",\"urlTemplate\":\"https:\\\/\\\/31.217.192.125\\\/~pallotai\\\/-\\\/?s={search_term_string}\"},\"query-input\":{\"@type\":\"PropertyValueSpecification\",\"valueRequired\":true,\"valueName\":\"search_term_string\"}}],\"inLanguage\":\"fi\"}]}<\/script>\n<!-- \/ Yoast SEO plugin. -->","yoast_head_json":{"title":"Lastentaikuri - Lastentaikuri","robots":{"index":"index","follow":"follow","max-snippet":"max-snippet:-1","max-image-preview":"max-image-preview:large","max-video-preview":"max-video-preview:-1"},"canonical":"http:\/\/31.217.192.125\/~pallotai\/-\/lastentaikuri\/","og_locale":"fi_FI","og_type":"article","og_title":"Lastentaikuri - Lastentaikuri","og_description":"Taikuri Jiipee, Keksij\u00e4 Pirinen T\u00e4m\u00e4 hullunkurinen hahmo nostaa tunnelmaa, saa lapset nauramaan, hyppim\u00e4\u00e4n, huutamaan ja jopa olemaan tarpeen tullen hiljaa. Monien lastenkutsujen\/tilaisuuksien kohokohdaksi muodostuu taikurin vierailu. Lapset ja aikuisetkin p\u00e4\u00e4sev\u00e4t osallistumaan esitykseen, jotkut jopa lavalle esiintyj\u00e4n rinnalle tilaisuuden t\u00e4hdeksi.Millaisen ohjelmanumeron voit tilata? Ohjelman kesto voidaan muokata tarpeen mukaan, yleisimm\u00e4t vaihtoehdot ovat:1. Lastenkutsut 1 x 20-30 minT\u00e4m\u00e4 kokonaisuus sopii mainiosti juhliin ... Read More","og_url":"http:\/\/31.217.192.125\/~pallotai\/-\/lastentaikuri\/","og_site_name":"Lastentaikuri","article_modified_time":"2023-03-03T12:51:47+00:00","twitter_card":"summary_large_image","schema":{"@context":"https:\/\/schema.org","@graph":[{"@type":"WebPage","@id":"http:\/\/31.217.192.125\/~pallotai\/-\/lastentaikuri\/","url":"http:\/\/31.217.192.125\/~pallotai\/-\/lastentaikuri\/","name":"Lastentaikuri - Lastentaikuri","isPartOf":{"@id":"https:\/\/31.217.192.125\/~pallotai\/-\/#website"},"datePublished":"2022-12-16T09:10:48+00:00","dateModified":"2023-03-03T12:51:47+00:00","breadcrumb":{"@id":"http:\/\/31.217.192.125\/~pallotai\/-\/lastentaikuri\/#breadcrumb"},"inLanguage":"fi","potentialAction":[{"@type":"ReadAction","target":["http:\/\/31.217.192.125\/~pallotai\/-\/lastentaikuri\/"]}]},{"@type":"BreadcrumbList","@id":"http:\/\/31.217.192.125\/~pallotai\/-\/lastentaikuri\/#breadcrumb","itemListElement":[{"@type":"ListItem","position":1,"name":"Home","item":"https:\/\/31.217.192.125\/~pallotai\/-\/"},{"@type":"ListItem","position":2,"name":"Lastentaikuri"}]},{"@type":"WebSite","@id":"https:\/\/31.217.192.125\/~pallotai\/-\/#website","url":"https:\/\/31.217.192.125\/~pallotai\/-\/","name":"Lastentaikuri","description":"","potentialAction":[{"@type":"SearchAction","target":{"@type":"EntryPoint","urlTemplate":"https:\/\/31.217.192.125\/~pallotai\/-\/?s={search_term_string}"},"query-input":{"@type":"PropertyValueSpecification","valueRequired":true,"valueName":"search_term_string"}}],"inLanguage":"fi"}]}},"_links":{"self":[{"href":"http:\/\/31.217.192.125\/~pallotai\/-\/wp-json\/wp\/v2\/pages\/14","targetHints":{"allow":["GET"]}}],"collection":[{"href":"http:\/\/31.217.192.125\/~pallotai\/-\/wp-json\/wp\/v2\/pages"}],"about":[{"href":"http:\/\/31.217.192.125\/~pallotai\/-\/wp-json\/wp\/v2\/types\/page"}],"author":[{"embeddable":true,"href":"http:\/\/31.217.192.125\/~pallotai\/-\/wp-json\/wp\/v2\/users\/1"}],"replies":[{"embeddable":true,"href":"http:\/\/31.217.192.125\/~pallotai\/-\/wp-json\/wp\/v2\/comments?post=14"}],"version-history":[{"count":13,"href":"http:\/\/31.217.192.125\/~pallotai\/-\/wp-json\/wp\/v2\/pages\/14\/revisions"}],"predecessor-version":[{"id":142,"href":"http:\/\/31.217.192.125\/~pallotai\/-\/wp-json\/wp\/v2\/pages\/14\/revisions\/142"}],"wp:attachment":[{"href":"http:\/\/31.217.192.125\/~pallotai\/-\/wp-json\/wp\/v2\/media?parent=14"}],"curies":[{"name":"wp","href":"https:\/\/api.w.org\/{rel}","templated":true}]}}