{"id":150,"date":"2023-03-03T11:12:40","date_gmt":"2023-03-03T11:12:40","guid":{"rendered":"http:\/\/31.217.192.125\/~pallotai\/-\/yhteystiedot-2\/"},"modified":"2023-03-03T12:15:36","modified_gmt":"2023-03-03T12:15:36","slug":"media","status":"publish","type":"page","link":"http:\/\/31.217.192.125\/~pallotai\/-\/media\/","title":{"rendered":"Media"},"content":{"rendered":"<div id=\"cs-content\" class=\"cs-content\"><\/div>\n","protected":false},"excerpt":{"rendered":"<p>Media Kuvat vapaasti asiakkaiden ja median k\u00e4yt\u00f6ss\u00e4. Klikkaa kuvaa ladataksesi hires-version.<\/p>\n","protected":false},"author":1,"featured_media":0,"parent":0,"menu_order":0,"comment_status":"closed","ping_status":"closed","template":"template-blank-4.php","meta":{"rs_blank_template":"","rs_page_bg_color":"","slide_template_v7":"","footnotes":""},"class_list":["post-150","page","type-page","status-publish","hentry","no-post-thumbnail"],"yoast_head":"<!-- This site is optimized with the Yoast SEO plugin v27.4 - https:\/\/yoast.com\/product\/yoast-seo-wordpress\/ -->\n<title>Media - Lastentaikuri<\/title>\n<meta name=\"robots\" content=\"index, follow, max-snippet:-1, max-image-preview:large, max-video-preview:-1\" \/>\n<link rel=\"canonical\" href=\"http:\/\/31.217.192.125\/~pallotai\/-\/media\/\" \/>\n<meta property=\"og:locale\" content=\"fi_FI\" \/>\n<meta property=\"og:type\" content=\"article\" \/>\n<meta property=\"og:title\" content=\"Media - Lastentaikuri\" \/>\n<meta property=\"og:description\" content=\"Media Kuvat vapaasti asiakkaiden ja median k\u00e4yt\u00f6ss\u00e4. Klikkaa kuvaa ladataksesi hires-version.\" \/>\n<meta property=\"og:url\" content=\"http:\/\/31.217.192.125\/~pallotai\/-\/media\/\" \/>\n<meta property=\"og:site_name\" content=\"Lastentaikuri\" \/>\n<meta property=\"article:modified_time\" content=\"2023-03-03T12:15:36+00:00\" \/>\n<meta name=\"twitter:card\" content=\"summary_large_image\" \/>\n<meta name=\"twitter:label1\" content=\"Arvioitu lukuaika\" \/>\n\t<meta name=\"twitter:data1\" content=\"1 minuutti\" \/>\n<script type=\"application\/ld+json\" class=\"yoast-schema-graph\">{\"@context\":\"https:\\\/\\\/schema.org\",\"@graph\":[{\"@type\":\"WebPage\",\"@id\":\"http:\\\/\\\/31.217.192.125\\\/~pallotai\\\/-\\\/media\\\/\",\"url\":\"http:\\\/\\\/31.217.192.125\\\/~pallotai\\\/-\\\/media\\\/\",\"name\":\"Media - Lastentaikuri\",\"isPartOf\":{\"@id\":\"https:\\\/\\\/31.217.192.125\\\/~pallotai\\\/-\\\/#website\"},\"datePublished\":\"2023-03-03T11:12:40+00:00\",\"dateModified\":\"2023-03-03T12:15:36+00:00\",\"breadcrumb\":{\"@id\":\"http:\\\/\\\/31.217.192.125\\\/~pallotai\\\/-\\\/media\\\/#breadcrumb\"},\"inLanguage\":\"fi\",\"potentialAction\":[{\"@type\":\"ReadAction\",\"target\":[\"http:\\\/\\\/31.217.192.125\\\/~pallotai\\\/-\\\/media\\\/\"]}]},{\"@type\":\"BreadcrumbList\",\"@id\":\"http:\\\/\\\/31.217.192.125\\\/~pallotai\\\/-\\\/media\\\/#breadcrumb\",\"itemListElement\":[{\"@type\":\"ListItem\",\"position\":1,\"name\":\"Home\",\"item\":\"https:\\\/\\\/31.217.192.125\\\/~pallotai\\\/-\\\/\"},{\"@type\":\"ListItem\",\"position\":2,\"name\":\"Media\"}]},{\"@type\":\"WebSite\",\"@id\":\"https:\\\/\\\/31.217.192.125\\\/~pallotai\\\/-\\\/#website\",\"url\":\"https:\\\/\\\/31.217.192.125\\\/~pallotai\\\/-\\\/\",\"name\":\"Lastentaikuri\",\"description\":\"\",\"potentialAction\":[{\"@type\":\"SearchAction\",\"target\":{\"@type\":\"EntryPoint\",\"urlTemplate\":\"https:\\\/\\\/31.217.192.125\\\/~pallotai\\\/-\\\/?s={search_term_string}\"},\"query-input\":{\"@type\":\"PropertyValueSpecification\",\"valueRequired\":true,\"valueName\":\"search_term_string\"}}],\"inLanguage\":\"fi\"}]}<\/script>\n<!-- \/ Yoast SEO plugin. -->","yoast_head_json":{"title":"Media - Lastentaikuri","robots":{"index":"index","follow":"follow","max-snippet":"max-snippet:-1","max-image-preview":"max-image-preview:large","max-video-preview":"max-video-preview:-1"},"canonical":"http:\/\/31.217.192.125\/~pallotai\/-\/media\/","og_locale":"fi_FI","og_type":"article","og_title":"Media - Lastentaikuri","og_description":"Media Kuvat vapaasti asiakkaiden ja median k\u00e4yt\u00f6ss\u00e4. Klikkaa kuvaa ladataksesi hires-version.","og_url":"http:\/\/31.217.192.125\/~pallotai\/-\/media\/","og_site_name":"Lastentaikuri","article_modified_time":"2023-03-03T12:15:36+00:00","twitter_card":"summary_large_image","twitter_misc":{"Arvioitu lukuaika":"1 minuutti"},"schema":{"@context":"https:\/\/schema.org","@graph":[{"@type":"WebPage","@id":"http:\/\/31.217.192.125\/~pallotai\/-\/media\/","url":"http:\/\/31.217.192.125\/~pallotai\/-\/media\/","name":"Media - Lastentaikuri","isPartOf":{"@id":"https:\/\/31.217.192.125\/~pallotai\/-\/#website"},"datePublished":"2023-03-03T11:12:40+00:00","dateModified":"2023-03-03T12:15:36+00:00","breadcrumb":{"@id":"http:\/\/31.217.192.125\/~pallotai\/-\/media\/#breadcrumb"},"inLanguage":"fi","potentialAction":[{"@type":"ReadAction","target":["http:\/\/31.217.192.125\/~pallotai\/-\/media\/"]}]},{"@type":"BreadcrumbList","@id":"http:\/\/31.217.192.125\/~pallotai\/-\/media\/#breadcrumb","itemListElement":[{"@type":"ListItem","position":1,"name":"Home","item":"https:\/\/31.217.192.125\/~pallotai\/-\/"},{"@type":"ListItem","position":2,"name":"Media"}]},{"@type":"WebSite","@id":"https:\/\/31.217.192.125\/~pallotai\/-\/#website","url":"https:\/\/31.217.192.125\/~pallotai\/-\/","name":"Lastentaikuri","description":"","potentialAction":[{"@type":"SearchAction","target":{"@type":"EntryPoint","urlTemplate":"https:\/\/31.217.192.125\/~pallotai\/-\/?s={search_term_string}"},"query-input":{"@type":"PropertyValueSpecification","valueRequired":true,"valueName":"search_term_string"}}],"inLanguage":"fi"}]}},"_links":{"self":[{"href":"http:\/\/31.217.192.125\/~pallotai\/-\/wp-json\/wp\/v2\/pages\/150","targetHints":{"allow":["GET"]}}],"collection":[{"href":"http:\/\/31.217.192.125\/~pallotai\/-\/wp-json\/wp\/v2\/pages"}],"about":[{"href":"http:\/\/31.217.192.125\/~pallotai\/-\/wp-json\/wp\/v2\/types\/page"}],"author":[{"embeddable":true,"href":"http:\/\/31.217.192.125\/~pallotai\/-\/wp-json\/wp\/v2\/users\/1"}],"replies":[{"embeddable":true,"href":"http:\/\/31.217.192.125\/~pallotai\/-\/wp-json\/wp\/v2\/comments?post=150"}],"version-history":[{"count":4,"href":"http:\/\/31.217.192.125\/~pallotai\/-\/wp-json\/wp\/v2\/pages\/150\/revisions"}],"predecessor-version":[{"id":159,"href":"http:\/\/31.217.192.125\/~pallotai\/-\/wp-json\/wp\/v2\/pages\/150\/revisions\/159"}],"wp:attachment":[{"href":"http:\/\/31.217.192.125\/~pallotai\/-\/wp-json\/wp\/v2\/media?parent=150"}],"curies":[{"name":"wp","href":"https:\/\/api.w.org\/{rel}","templated":true}]}}